{"id":360,"date":"2020-11-25T15:00:23","date_gmt":"2020-11-25T14:00:23","guid":{"rendered":"http:\/\/bijouxamedevolcans.com\/?page_id=360"},"modified":"2020-11-27T20:20:24","modified_gmt":"2020-11-27T19:20:24","slug":"colliers","status":"publish","type":"page","link":"https:\/\/bijouxamedevolcans.com\/index.php\/colliers\/","title":{"rendered":"Le savoir faire"},"content":{"rendered":"\n<p><strong><u>BAGUES<\/u><\/strong>:<\/p>\n\n\n\n<p>L&rsquo;Anneau est confortable en&nbsp; \u00e9lastique caoutchout\u00e9. <strong> R\u00e9sistantes et &nbsp;d\u2019une belle qualit\u00e9. &nbsp;Elles peuvent passer d\u2019un doigt \u00e0 l\u2019autre sans probl\u00e8me.&nbsp;Elles ont cette magie de l\u2019Originalit\u00e9 Cr\u00e9atrice et soulignent votre personnalit\u00e9.<\/strong><\/p>\n\n\n\n<p class=\"has-text-align-left\"><strong>Chaque bague est unique, je change \u00e0 chaque fois quelques \u00e9l\u00e9ments tout en gardant l\u2019authenticit\u00e9 de la photo.<\/strong><\/p>\n\n\n\n<p class=\"has-text-align-left\"><strong>Avec un suppl\u00e9ment, je peux aussi cr\u00e9er pour vous selon votre fantaisie color\u00e9e ou &nbsp;votre envie du moment.<\/strong> <\/p>\n","protected":false},"excerpt":{"rendered":"<p>BAGUES: L&rsquo;Anneau est confortable en&nbsp; \u00e9lastique caoutchout\u00e9. R\u00e9sistantes et &nbsp;d\u2019une belle qualit\u00e9. &nbsp;Elles peuvent passer d\u2019un doigt \u00e0 l\u2019autre sans probl\u00e8me.&nbsp;Elles ont cette magie de l\u2019Originalit\u00e9 Cr\u00e9atrice et soulignent votre personnalit\u00e9. Chaque bague est unique, je change \u00e0 chaque fois quelques \u00e9l\u00e9ments tout en gardant l\u2019authenticit\u00e9 de la photo. Avec un suppl\u00e9ment, je peux aussi [&hellip;]<\/p>\n","protected":false},"author":1,"featured_media":0,"parent":0,"menu_order":0,"comment_status":"closed","ping_status":"closed","template":"","meta":{"spay_email":""},"_links":{"self":[{"href":"https:\/\/bijouxamedevolcans.com\/index.php\/wp-json\/wp\/v2\/pages\/360"}],"collection":[{"href":"https:\/\/bijouxamedevolcans.com\/index.php\/wp-json\/wp\/v2\/pages"}],"about":[{"href":"https:\/\/bijouxamedevolcans.com\/index.php\/wp-json\/wp\/v2\/types\/page"}],"author":[{"embeddable":true,"href":"https:\/\/bijouxamedevolcans.com\/index.php\/wp-json\/wp\/v2\/users\/1"}],"replies":[{"embeddable":true,"href":"https:\/\/bijouxamedevolcans.com\/index.php\/wp-json\/wp\/v2\/comments?post=360"}],"version-history":[{"count":9,"href":"https:\/\/bijouxamedevolcans.com\/index.php\/wp-json\/wp\/v2\/pages\/360\/revisions"}],"predecessor-version":[{"id":657,"href":"https:\/\/bijouxamedevolcans.com\/index.php\/wp-json\/wp\/v2\/pages\/360\/revisions\/657"}],"wp:attachment":[{"href":"https:\/\/bijouxamedevolcans.com\/index.php\/wp-json\/wp\/v2\/media?parent=360"}],"curies":[{"name":"wp","href":"https:\/\/api.w.org\/{rel}","templated":true}]}}