{"id":104,"date":"2020-11-24T11:30:28","date_gmt":"2020-11-24T10:30:28","guid":{"rendered":"http:\/\/bijouxamedevolcans.com\/?post_type=product&#038;p=104"},"modified":"2026-04-09T01:33:14","modified_gmt":"2026-04-08T23:33:14","slug":"20-001-majolan-magic","status":"publish","type":"product","link":"https:\/\/bijouxamedevolcans.com\/index.php\/produit\/20-001-majolan-magic\/","title":{"rendered":"20-001 BAGUE MAJOLAN  MAGIC&#8230;  Quand avoir Confiance prend tout son sens&#8230;"},"content":{"rendered":"<p>Base\u00a0 rosace ajour\u00e9e en m\u00e9tal argent\u00e9 10 microns d&rsquo;argent, goutte cristal et perle magique blanche, m\u00e9tal argent\u00e9.<\/p>\n<p>Quand avoir confiance prend tout sont sens&#8230;<\/p>\n<p>Diam\u00e8tre de la base 45 mm<\/p>\n<p>L&rsquo;Anneau est confortable en\u00a0 \u00e9lastique caoutchout\u00e9. Il peux passer d&rsquo;un doigt a l&rsquo;autre sans effort.<\/p>\n<p>Sur commande, par mail, avec un suppl\u00e9ment, je peux cr\u00e9er pour vous selon votre fantaisie du jour.<\/p>\n","protected":false},"excerpt":{"rendered":"<p>Base\u00a0 rosace ajour\u00e9e en m\u00e9tal argent\u00e9 10 microns d&rsquo;argent, goutte cristal et perle magique blanche, m\u00e9tal argent\u00e9. Quand avoir confiance prend tout sont sens&#8230; Diam\u00e8tre de la base 45 mm L&rsquo;Anneau est confortable en\u00a0 \u00e9lastique caoutchout\u00e9. Il peux passer d&rsquo;un doigt a l&rsquo;autre sans effort. Sur commande, par mail, avec un suppl\u00e9ment, je peux cr\u00e9er [&hellip;]<\/p>\n","protected":false},"featured_media":83,"comment_status":"open","ping_status":"closed","template":"","meta":{"spay_email":""},"_links":{"self":[{"href":"https:\/\/bijouxamedevolcans.com\/index.php\/wp-json\/wp\/v2\/product\/104"}],"collection":[{"href":"https:\/\/bijouxamedevolcans.com\/index.php\/wp-json\/wp\/v2\/product"}],"about":[{"href":"https:\/\/bijouxamedevolcans.com\/index.php\/wp-json\/wp\/v2\/types\/product"}],"replies":[{"embeddable":true,"href":"https:\/\/bijouxamedevolcans.com\/index.php\/wp-json\/wp\/v2\/comments?post=104"}],"wp:featuredmedia":[{"embeddable":true,"href":"https:\/\/bijouxamedevolcans.com\/index.php\/wp-json\/wp\/v2\/media\/83"}],"wp:attachment":[{"href":"https:\/\/bijouxamedevolcans.com\/index.php\/wp-json\/wp\/v2\/media?parent=104"}],"curies":[{"name":"wp","href":"https:\/\/api.w.org\/{rel}","templated":true}]}}