{"id":141,"date":"2020-11-24T14:45:52","date_gmt":"2020-11-24T13:45:52","guid":{"rendered":"http:\/\/bijouxamedevolcans.com\/?post_type=product&#038;p=141"},"modified":"2026-04-09T01:35:28","modified_gmt":"2026-04-08T23:35:28","slug":"20-023-bague-etoilee","status":"publish","type":"product","link":"https:\/\/bijouxamedevolcans.com\/index.php\/produit\/20-023-bague-etoilee\/","title":{"rendered":"20-023-BAGUE \u00c9TOIL\u00c9E&#8230; Jamais perdant, sois je Gagne, sois j\u2019apprends&#8230;"},"content":{"rendered":"<p>Base en zamac carr\u00e9e, strass, m\u00e9tal argent\u00e9 , perle de cristal et naturelle.<\/p>\n<p>Jamais perdant, sois je gagne, sois j\u2019apprends&#8230;<\/p>\n<p>Diam\u00e8tre de la base\u00a0 31 mm<\/p>\n<p>L&rsquo;Anneau est confortable en\u00a0 \u00e9lastique caoutchout\u00e9. Il peux passer d&rsquo;un doigt \u00e0 l&rsquo;autre sans effort.<\/p>\n<p>Sur commande, par mail, avec un suppl\u00e9ment, je peux cr\u00e9er pour vous selon votre fantaisie du jour.<\/p>\n","protected":false},"excerpt":{"rendered":"<p>Base en zamac carr\u00e9e, strass, m\u00e9tal argent\u00e9 , perle de cristal et naturelle. Jamais perdant, sois je gagne, sois j\u2019apprends&#8230; Diam\u00e8tre de la base\u00a0 31 mm L&rsquo;Anneau est confortable en\u00a0 \u00e9lastique caoutchout\u00e9. Il peux passer d&rsquo;un doigt \u00e0 l&rsquo;autre sans effort. Sur commande, par mail, avec un suppl\u00e9ment, je peux cr\u00e9er pour vous selon votre [&hellip;]<\/p>\n","protected":false},"featured_media":142,"comment_status":"open","ping_status":"closed","template":"","meta":{"spay_email":""},"_links":{"self":[{"href":"https:\/\/bijouxamedevolcans.com\/index.php\/wp-json\/wp\/v2\/product\/141"}],"collection":[{"href":"https:\/\/bijouxamedevolcans.com\/index.php\/wp-json\/wp\/v2\/product"}],"about":[{"href":"https:\/\/bijouxamedevolcans.com\/index.php\/wp-json\/wp\/v2\/types\/product"}],"replies":[{"embeddable":true,"href":"https:\/\/bijouxamedevolcans.com\/index.php\/wp-json\/wp\/v2\/comments?post=141"}],"wp:featuredmedia":[{"embeddable":true,"href":"https:\/\/bijouxamedevolcans.com\/index.php\/wp-json\/wp\/v2\/media\/142"}],"wp:attachment":[{"href":"https:\/\/bijouxamedevolcans.com\/index.php\/wp-json\/wp\/v2\/media?parent=141"}],"curies":[{"name":"wp","href":"https:\/\/api.w.org\/{rel}","templated":true}]}}