{"id":149,"date":"2020-11-24T15:00:37","date_gmt":"2020-11-24T14:00:37","guid":{"rendered":"http:\/\/bijouxamedevolcans.com\/?post_type=product&#038;p=149"},"modified":"2021-02-26T12:11:45","modified_gmt":"2021-02-26T11:11:45","slug":"20-027-bague-equilibre","status":"publish","type":"product","link":"https:\/\/bijouxamedevolcans.com\/index.php\/produit\/20-027-bague-equilibre\/","title":{"rendered":"20-027-BAGUE EQUILIBRE&#8230; Le Tr\u00e9sor est en Toi&#8230;"},"content":{"rendered":"<p>Base en m\u00e9tal argent\u00e9, triangle en corne, perle naturelle.<\/p>\n<p>Le Tr\u00e9sor est en Toi&#8230;<\/p>\n<p>Diam\u00e8tre de la base 34mm<\/p>\n<p>L&rsquo;Anneau est confortable en\u00a0 \u00e9lastique caoutchout\u00e9. Il peux passer d&rsquo;un doigt \u00e0 l&rsquo;autre sans effort.<\/p>\n<p>Sur commande, par mail, avec un suppl\u00e9ment, je peux cr\u00e9er pour vous selon votre fantaisie du jour.<\/p>\n","protected":false},"excerpt":{"rendered":"<p>Base en m\u00e9tal argent\u00e9, triangle en corne, perle naturelle. Le Tr\u00e9sor est en Toi&#8230; Diam\u00e8tre de la base 34mm L&rsquo;Anneau est confortable en\u00a0 \u00e9lastique caoutchout\u00e9. Il peux passer d&rsquo;un doigt \u00e0 l&rsquo;autre sans effort. Sur commande, par mail, avec un suppl\u00e9ment, je peux cr\u00e9er pour vous selon votre fantaisie du jour.<\/p>\n","protected":false},"featured_media":150,"comment_status":"open","ping_status":"closed","template":"","meta":{"spay_email":""},"_links":{"self":[{"href":"https:\/\/bijouxamedevolcans.com\/index.php\/wp-json\/wp\/v2\/product\/149"}],"collection":[{"href":"https:\/\/bijouxamedevolcans.com\/index.php\/wp-json\/wp\/v2\/product"}],"about":[{"href":"https:\/\/bijouxamedevolcans.com\/index.php\/wp-json\/wp\/v2\/types\/product"}],"replies":[{"embeddable":true,"href":"https:\/\/bijouxamedevolcans.com\/index.php\/wp-json\/wp\/v2\/comments?post=149"}],"wp:featuredmedia":[{"embeddable":true,"href":"https:\/\/bijouxamedevolcans.com\/index.php\/wp-json\/wp\/v2\/media\/150"}],"wp:attachment":[{"href":"https:\/\/bijouxamedevolcans.com\/index.php\/wp-json\/wp\/v2\/media?parent=149"}],"curies":[{"name":"wp","href":"https:\/\/api.w.org\/{rel}","templated":true}]}}