{"id":151,"date":"2020-11-24T15:03:21","date_gmt":"2020-11-24T14:03:21","guid":{"rendered":"http:\/\/bijouxamedevolcans.com\/?post_type=product&#038;p=151"},"modified":"2021-02-26T12:52:39","modified_gmt":"2021-02-26T11:52:39","slug":"20-028-bague-cratere-2","status":"publish","type":"product","link":"https:\/\/bijouxamedevolcans.com\/index.php\/produit\/20-028-bague-cratere-2\/","title":{"rendered":"20-028-BAGUE EXPERIENCE &#8230; Ne regrette rien&#8230;"},"content":{"rendered":"<p>Base en\u00a0 zamac, strass, m\u00e9tal argent\u00e9 , perle cristal et naturelle.<\/p>\n<p>Ne regrette rien&#8230;<\/p>\n<p>Diam\u00e8tre de la base 27 mm<\/p>\n<p>L&rsquo;Anneau est confortable en\u00a0 \u00e9lastique caoutchout\u00e9. Il peux passer d&rsquo;un doigt \u00e0 l&rsquo;autre sans effort.<\/p>\n<p>Sur commande, par mail, avec un suppl\u00e9ment, je peux cr\u00e9er pour vous selon votre fantaisie du jour.<\/p>\n<p>&nbsp;<\/p>\n<p>&nbsp;<\/p>\n","protected":false},"excerpt":{"rendered":"<p>Base en\u00a0 zamac, strass, m\u00e9tal argent\u00e9 , perle cristal et naturelle. Ne regrette rien&#8230; Diam\u00e8tre de la base 27 mm L&rsquo;Anneau est confortable en\u00a0 \u00e9lastique caoutchout\u00e9. Il peux passer d&rsquo;un doigt \u00e0 l&rsquo;autre sans effort. Sur commande, par mail, avec un suppl\u00e9ment, je peux cr\u00e9er pour vous selon votre fantaisie du jour. &nbsp; &nbsp;<\/p>\n","protected":false},"featured_media":152,"comment_status":"open","ping_status":"closed","template":"","meta":{"spay_email":""},"_links":{"self":[{"href":"https:\/\/bijouxamedevolcans.com\/index.php\/wp-json\/wp\/v2\/product\/151"}],"collection":[{"href":"https:\/\/bijouxamedevolcans.com\/index.php\/wp-json\/wp\/v2\/product"}],"about":[{"href":"https:\/\/bijouxamedevolcans.com\/index.php\/wp-json\/wp\/v2\/types\/product"}],"replies":[{"embeddable":true,"href":"https:\/\/bijouxamedevolcans.com\/index.php\/wp-json\/wp\/v2\/comments?post=151"}],"wp:featuredmedia":[{"embeddable":true,"href":"https:\/\/bijouxamedevolcans.com\/index.php\/wp-json\/wp\/v2\/media\/152"}],"wp:attachment":[{"href":"https:\/\/bijouxamedevolcans.com\/index.php\/wp-json\/wp\/v2\/media?parent=151"}],"curies":[{"name":"wp","href":"https:\/\/api.w.org\/{rel}","templated":true}]}}