{"id":155,"date":"2020-11-24T15:10:20","date_gmt":"2020-11-24T14:10:20","guid":{"rendered":"http:\/\/bijouxamedevolcans.com\/?post_type=product&#038;p=155"},"modified":"2021-02-26T12:57:40","modified_gmt":"2021-02-26T11:57:40","slug":"20-030-bague-fleuror","status":"publish","type":"product","link":"https:\/\/bijouxamedevolcans.com\/index.php\/produit\/20-030-bague-fleuror\/","title":{"rendered":"20-030-BAGUE FLEUROR&#8230; Cueille la Fleur qui pousse en Toi&#8230;"},"content":{"rendered":"<p>Base en laiton argent\u00e9 vieilli, fleur argent\u00e9e 10 microns, carr\u00e9 noir brillant, perle\u00a0 naturelle.<\/p>\n<p>Cueille la fleur qui pousse en toi&#8230;<\/p>\n<p>Diam\u00e8tre de la base\u00a0 35 mm<\/p>\n<p>L&rsquo;Anneau est confortable en\u00a0 \u00e9lastique caoutchout\u00e9. Il peux passer d&rsquo;un doigt \u00e0 l&rsquo;autre sans effort.<\/p>\n<p>Sur commande, par mail, avec un suppl\u00e9ment, je peux cr\u00e9er pour vous selon votre fantaisie du jour.<\/p>\n","protected":false},"excerpt":{"rendered":"<p>Base en laiton argent\u00e9 vieilli, fleur argent\u00e9e 10 microns, carr\u00e9 noir brillant, perle\u00a0 naturelle. Cueille la fleur qui pousse en toi&#8230; Diam\u00e8tre de la base\u00a0 35 mm L&rsquo;Anneau est confortable en\u00a0 \u00e9lastique caoutchout\u00e9. Il peux passer d&rsquo;un doigt \u00e0 l&rsquo;autre sans effort. Sur commande, par mail, avec un suppl\u00e9ment, je peux cr\u00e9er pour vous selon [&hellip;]<\/p>\n","protected":false},"featured_media":156,"comment_status":"open","ping_status":"closed","template":"","meta":{"spay_email":""},"_links":{"self":[{"href":"https:\/\/bijouxamedevolcans.com\/index.php\/wp-json\/wp\/v2\/product\/155"}],"collection":[{"href":"https:\/\/bijouxamedevolcans.com\/index.php\/wp-json\/wp\/v2\/product"}],"about":[{"href":"https:\/\/bijouxamedevolcans.com\/index.php\/wp-json\/wp\/v2\/types\/product"}],"replies":[{"embeddable":true,"href":"https:\/\/bijouxamedevolcans.com\/index.php\/wp-json\/wp\/v2\/comments?post=155"}],"wp:featuredmedia":[{"embeddable":true,"href":"https:\/\/bijouxamedevolcans.com\/index.php\/wp-json\/wp\/v2\/media\/156"}],"wp:attachment":[{"href":"https:\/\/bijouxamedevolcans.com\/index.php\/wp-json\/wp\/v2\/media?parent=155"}],"curies":[{"name":"wp","href":"https:\/\/api.w.org\/{rel}","templated":true}]}}