{"id":161,"date":"2020-11-24T15:25:09","date_gmt":"2020-11-24T14:25:09","guid":{"rendered":"http:\/\/bijouxamedevolcans.com\/?post_type=product&#038;p=161"},"modified":"2021-02-26T12:59:56","modified_gmt":"2021-02-26T11:59:56","slug":"20-032-bague-chic-et-boheme","status":"publish","type":"product","link":"https:\/\/bijouxamedevolcans.com\/index.php\/produit\/20-032-bague-chic-et-boheme\/","title":{"rendered":"20-032-BAGUE CHIC ET BOH\u00c8ME&#8230; Deviens ta Meilleure Amie&#8230;"},"content":{"rendered":"<p>Base en m\u00e9tal argent\u00e9, r\u00e9sine larme brillante\u00a0 et\u00a0 perle\u00a0 de cristal et m\u00e9tal argent\u00e9.<\/p>\n<p>Deviens ta meilleure amie&#8230;<\/p>\n<p>Diam\u00e8tre de la base\u00a0 27 mm<\/p>\n<p>L&rsquo;Anneau est confortable en\u00a0 \u00e9lastique caoutchout\u00e9. Il peux passer d&rsquo;un doigt \u00e0 l&rsquo;autre sans effort.<\/p>\n<p>Sur commande, par mail, avec un suppl\u00e9ment, je peux cr\u00e9er pour vous selon votre fantaisie du jour.<\/p>\n<p>Existe en diam\u00e8tre 34mm \u00e0 30,00\u20ac<\/p>\n","protected":false},"excerpt":{"rendered":"<p>Base en m\u00e9tal argent\u00e9, r\u00e9sine larme brillante\u00a0 et\u00a0 perle\u00a0 de cristal et m\u00e9tal argent\u00e9. Deviens ta meilleure amie&#8230; Diam\u00e8tre de la base\u00a0 27 mm L&rsquo;Anneau est confortable en\u00a0 \u00e9lastique caoutchout\u00e9. Il peux passer d&rsquo;un doigt \u00e0 l&rsquo;autre sans effort. Sur commande, par mail, avec un suppl\u00e9ment, je peux cr\u00e9er pour vous selon votre fantaisie du [&hellip;]<\/p>\n","protected":false},"featured_media":162,"comment_status":"open","ping_status":"closed","template":"","meta":{"spay_email":""},"_links":{"self":[{"href":"https:\/\/bijouxamedevolcans.com\/index.php\/wp-json\/wp\/v2\/product\/161"}],"collection":[{"href":"https:\/\/bijouxamedevolcans.com\/index.php\/wp-json\/wp\/v2\/product"}],"about":[{"href":"https:\/\/bijouxamedevolcans.com\/index.php\/wp-json\/wp\/v2\/types\/product"}],"replies":[{"embeddable":true,"href":"https:\/\/bijouxamedevolcans.com\/index.php\/wp-json\/wp\/v2\/comments?post=161"}],"wp:featuredmedia":[{"embeddable":true,"href":"https:\/\/bijouxamedevolcans.com\/index.php\/wp-json\/wp\/v2\/media\/162"}],"wp:attachment":[{"href":"https:\/\/bijouxamedevolcans.com\/index.php\/wp-json\/wp\/v2\/media?parent=161"}],"curies":[{"name":"wp","href":"https:\/\/api.w.org\/{rel}","templated":true}]}}