{"id":163,"date":"2020-11-24T16:12:00","date_gmt":"2020-11-24T15:12:00","guid":{"rendered":"http:\/\/bijouxamedevolcans.com\/?post_type=product&#038;p=163"},"modified":"2021-02-26T13:35:04","modified_gmt":"2021-02-26T12:35:04","slug":"20-033-bague-delicatsse","status":"publish","type":"product","link":"https:\/\/bijouxamedevolcans.com\/index.php\/produit\/20-033-bague-delicatsse\/","title":{"rendered":"20-033-BAGUE DELICATESSE&#8230; \u00catre heureux d&rsquo;un petit rien, c&rsquo;est beaucoup&#8230;"},"content":{"rendered":"<p>Base en m\u00e9tal argent\u00e9, r\u00e9sine polaris gris\u00e9e et\u00a0 perle cristal.<\/p>\n<p>\u00catre\u00a0 heureux d&rsquo;un petit rien , c&rsquo;est BEAUCOUP&#8230;<\/p>\n<p>Diam\u00e8tre de la bas 27 mm<\/p>\n<p>L&rsquo;Anneau est confortable en\u00a0 \u00e9lastique caoutchout\u00e9. Il peux passer d&rsquo;un doigt \u00e0 l&rsquo;autre sans effort.<\/p>\n<p>Sur commande, par mail, avec un suppl\u00e9ment, je peux cr\u00e9er pour vous selon votre fantaisie du jour.<\/p>\n<p>Existe en diam\u00e8tre 34 mm \u00e0 30,00\u20ac<\/p>\n","protected":false},"excerpt":{"rendered":"<p>Base en m\u00e9tal argent\u00e9, r\u00e9sine polaris gris\u00e9e et\u00a0 perle cristal. \u00catre\u00a0 heureux d&rsquo;un petit rien , c&rsquo;est BEAUCOUP&#8230; Diam\u00e8tre de la bas 27 mm L&rsquo;Anneau est confortable en\u00a0 \u00e9lastique caoutchout\u00e9. Il peux passer d&rsquo;un doigt \u00e0 l&rsquo;autre sans effort. Sur commande, par mail, avec un suppl\u00e9ment, je peux cr\u00e9er pour vous selon votre fantaisie du [&hellip;]<\/p>\n","protected":false},"featured_media":165,"comment_status":"open","ping_status":"closed","template":"","meta":{"spay_email":""},"_links":{"self":[{"href":"https:\/\/bijouxamedevolcans.com\/index.php\/wp-json\/wp\/v2\/product\/163"}],"collection":[{"href":"https:\/\/bijouxamedevolcans.com\/index.php\/wp-json\/wp\/v2\/product"}],"about":[{"href":"https:\/\/bijouxamedevolcans.com\/index.php\/wp-json\/wp\/v2\/types\/product"}],"replies":[{"embeddable":true,"href":"https:\/\/bijouxamedevolcans.com\/index.php\/wp-json\/wp\/v2\/comments?post=163"}],"wp:featuredmedia":[{"embeddable":true,"href":"https:\/\/bijouxamedevolcans.com\/index.php\/wp-json\/wp\/v2\/media\/165"}],"wp:attachment":[{"href":"https:\/\/bijouxamedevolcans.com\/index.php\/wp-json\/wp\/v2\/media?parent=163"}],"curies":[{"name":"wp","href":"https:\/\/api.w.org\/{rel}","templated":true}]}}