{"id":246,"date":"2020-11-24T16:16:04","date_gmt":"2020-11-24T15:16:04","guid":{"rendered":"http:\/\/bijouxamedevolcans.com\/?post_type=product&#038;p=246"},"modified":"2021-02-26T13:36:54","modified_gmt":"2021-02-26T12:36:54","slug":"20-034-bague-rosae","status":"publish","type":"product","link":"https:\/\/bijouxamedevolcans.com\/index.php\/produit\/20-034-bague-rosae\/","title":{"rendered":"20-034-BAGUE ROSAE&#8230; Respect de ta Libert\u00e9&#8230;"},"content":{"rendered":"<p>Base en m\u00e9tal argent\u00e9, nacre noire et blanche\u00a0 et\u00a0 perle cristal et m\u00e9tal argent\u00e9.<\/p>\n<p>Respect de ta libert\u00e9&#8230;<\/p>\n<p>Diam\u00e8tre de la base\u00a0 27 mm<\/p>\n<p>L&rsquo;Anneau est confortable en\u00a0 \u00e9lastique caoutchout\u00e9. Il peux passer d&rsquo;un doigt \u00e0 l&rsquo;autre sans effort.<\/p>\n<p>Sur commande, par mail, avec un suppl\u00e9ment, je peux cr\u00e9er pour vous selon votre fantaisie du jour.<\/p>\n<p>existe en diam\u00e8tre 34mm \u00e0 30,00\u20ac<\/p>\n","protected":false},"excerpt":{"rendered":"<p>Base en m\u00e9tal argent\u00e9, nacre noire et blanche\u00a0 et\u00a0 perle cristal et m\u00e9tal argent\u00e9. Respect de ta libert\u00e9&#8230; Diam\u00e8tre de la base\u00a0 27 mm L&rsquo;Anneau est confortable en\u00a0 \u00e9lastique caoutchout\u00e9. Il peux passer d&rsquo;un doigt \u00e0 l&rsquo;autre sans effort. Sur commande, par mail, avec un suppl\u00e9ment, je peux cr\u00e9er pour vous selon votre fantaisie du [&hellip;]<\/p>\n","protected":false},"featured_media":166,"comment_status":"open","ping_status":"closed","template":"","meta":{"spay_email":""},"_links":{"self":[{"href":"https:\/\/bijouxamedevolcans.com\/index.php\/wp-json\/wp\/v2\/product\/246"}],"collection":[{"href":"https:\/\/bijouxamedevolcans.com\/index.php\/wp-json\/wp\/v2\/product"}],"about":[{"href":"https:\/\/bijouxamedevolcans.com\/index.php\/wp-json\/wp\/v2\/types\/product"}],"replies":[{"embeddable":true,"href":"https:\/\/bijouxamedevolcans.com\/index.php\/wp-json\/wp\/v2\/comments?post=246"}],"wp:featuredmedia":[{"embeddable":true,"href":"https:\/\/bijouxamedevolcans.com\/index.php\/wp-json\/wp\/v2\/media\/166"}],"wp:attachment":[{"href":"https:\/\/bijouxamedevolcans.com\/index.php\/wp-json\/wp\/v2\/media?parent=246"}],"curies":[{"name":"wp","href":"https:\/\/api.w.org\/{rel}","templated":true}]}}