{"id":247,"date":"2020-11-24T16:18:32","date_gmt":"2020-11-24T15:18:32","guid":{"rendered":"http:\/\/bijouxamedevolcans.com\/?post_type=product&#038;p=247"},"modified":"2021-02-26T13:38:23","modified_gmt":"2021-02-26T12:38:23","slug":"20-035-bague-coup-de-foudre","status":"publish","type":"product","link":"https:\/\/bijouxamedevolcans.com\/index.php\/produit\/20-035-bague-coup-de-foudre\/","title":{"rendered":"20-035-BAGUE COUP DE FOUDRE&#8230; La Magie c&rsquo;est quand l&rsquo;\u00c2me agit&#8230;"},"content":{"rendered":"<p>Base en m\u00e9tal argent\u00e9, r\u00e9sine carr\u00e9e cristal et m\u00e9tal argent\u00e9.<\/p>\n<p>La magie c&rsquo;est quand l&rsquo;\u00e2me agit&#8230;<\/p>\n<p>Diam\u00e8tre de la base 22 mm<\/p>\n<p>L&rsquo;Anneau est confortable en\u00a0 \u00e9lastique caoutchout\u00e9. Il peux passer d&rsquo;un doigt \u00e0 l&rsquo;autre sans effort.<\/p>\n<p>Sur commande, par mail, avec un suppl\u00e9ment, je peux cr\u00e9er pour vous selon votre fantaisie du jour.<\/p>\n<p>existe en Taille 27mm \u00e0 25,00\u20ac<\/p>\n<p>existe en Taille 34 mm \u00e0 28,00\u20ac<\/p>\n","protected":false},"excerpt":{"rendered":"<p>Base en m\u00e9tal argent\u00e9, r\u00e9sine carr\u00e9e cristal et m\u00e9tal argent\u00e9. La magie c&rsquo;est quand l&rsquo;\u00e2me agit&#8230; Diam\u00e8tre de la base 22 mm L&rsquo;Anneau est confortable en\u00a0 \u00e9lastique caoutchout\u00e9. Il peux passer d&rsquo;un doigt \u00e0 l&rsquo;autre sans effort. Sur commande, par mail, avec un suppl\u00e9ment, je peux cr\u00e9er pour vous selon votre fantaisie du jour. existe [&hellip;]<\/p>\n","protected":false},"featured_media":168,"comment_status":"open","ping_status":"closed","template":"","meta":{"spay_email":""},"_links":{"self":[{"href":"https:\/\/bijouxamedevolcans.com\/index.php\/wp-json\/wp\/v2\/product\/247"}],"collection":[{"href":"https:\/\/bijouxamedevolcans.com\/index.php\/wp-json\/wp\/v2\/product"}],"about":[{"href":"https:\/\/bijouxamedevolcans.com\/index.php\/wp-json\/wp\/v2\/types\/product"}],"replies":[{"embeddable":true,"href":"https:\/\/bijouxamedevolcans.com\/index.php\/wp-json\/wp\/v2\/comments?post=247"}],"wp:featuredmedia":[{"embeddable":true,"href":"https:\/\/bijouxamedevolcans.com\/index.php\/wp-json\/wp\/v2\/media\/168"}],"wp:attachment":[{"href":"https:\/\/bijouxamedevolcans.com\/index.php\/wp-json\/wp\/v2\/media?parent=247"}],"curies":[{"name":"wp","href":"https:\/\/api.w.org\/{rel}","templated":true}]}}