{"id":248,"date":"2020-11-24T16:22:02","date_gmt":"2020-11-24T15:22:02","guid":{"rendered":"http:\/\/bijouxamedevolcans.com\/?post_type=product&#038;p=248"},"modified":"2021-02-26T13:40:10","modified_gmt":"2021-02-26T12:40:10","slug":"20-036-bague-belle-de-nuit","status":"publish","type":"product","link":"https:\/\/bijouxamedevolcans.com\/index.php\/produit\/20-036-bague-belle-de-nuit\/","title":{"rendered":"20-036-BAGUE BELLE DE NUIT&#8230; Cette nuit restera grav\u00e9e sur le bord de son C\u0153ur&#8230;"},"content":{"rendered":"<p>Base en m\u00e9tal argent\u00e9, r\u00e9sine ronde noire brillante\u00a0 et\u00a0 perle de cristal.<\/p>\n<p>Cette nuit\u00a0 restera grav\u00e9e sur le bord de son c\u0153ur&#8230;<\/p>\n<p>Diam\u00e8tre de la base 22 mm<\/p>\n<p>L&rsquo;Anneau est confortable en\u00a0 \u00e9lastique caoutchout\u00e9. Il peux passer d&rsquo;un doigt \u00e0 l&rsquo;autre sans effort.<\/p>\n<p>Sur commande, par mail, avec un suppl\u00e9ment, je peux cr\u00e9er pour vous selon votre fantaisie du jour.<\/p>\n<p>Existe en diam\u00e8tre\u00a0 27 mm \u00e0 25,00<\/p>\n<p>Existe\u00a0 en diam\u00e8tre 34mm \u00e0 30,00\u20ac<\/p>\n<p>&nbsp;<\/p>\n","protected":false},"excerpt":{"rendered":"<p>Base en m\u00e9tal argent\u00e9, r\u00e9sine ronde noire brillante\u00a0 et\u00a0 perle de cristal. Cette nuit\u00a0 restera grav\u00e9e sur le bord de son c\u0153ur&#8230; Diam\u00e8tre de la base 22 mm L&rsquo;Anneau est confortable en\u00a0 \u00e9lastique caoutchout\u00e9. Il peux passer d&rsquo;un doigt \u00e0 l&rsquo;autre sans effort. Sur commande, par mail, avec un suppl\u00e9ment, je peux cr\u00e9er pour vous [&hellip;]<\/p>\n","protected":false},"featured_media":169,"comment_status":"open","ping_status":"closed","template":"","meta":{"spay_email":""},"_links":{"self":[{"href":"https:\/\/bijouxamedevolcans.com\/index.php\/wp-json\/wp\/v2\/product\/248"}],"collection":[{"href":"https:\/\/bijouxamedevolcans.com\/index.php\/wp-json\/wp\/v2\/product"}],"about":[{"href":"https:\/\/bijouxamedevolcans.com\/index.php\/wp-json\/wp\/v2\/types\/product"}],"replies":[{"embeddable":true,"href":"https:\/\/bijouxamedevolcans.com\/index.php\/wp-json\/wp\/v2\/comments?post=248"}],"wp:featuredmedia":[{"embeddable":true,"href":"https:\/\/bijouxamedevolcans.com\/index.php\/wp-json\/wp\/v2\/media\/169"}],"wp:attachment":[{"href":"https:\/\/bijouxamedevolcans.com\/index.php\/wp-json\/wp\/v2\/media?parent=248"}],"curies":[{"name":"wp","href":"https:\/\/api.w.org\/{rel}","templated":true}]}}