{"id":295,"date":"2020-11-25T10:08:12","date_gmt":"2020-11-25T09:08:12","guid":{"rendered":"http:\/\/bijouxamedevolcans.com\/?post_type=product&#038;p=295"},"modified":"2021-02-26T14:05:33","modified_gmt":"2021-02-26T13:05:33","slug":"20-051-bague-reflet-tutti-turquoise","status":"publish","type":"product","link":"https:\/\/bijouxamedevolcans.com\/index.php\/produit\/20-051-bague-reflet-tutti-turquoise\/","title":{"rendered":"20-051-BAGUE REFLET TUTTI TURQUOISE&#8230; L&rsquo;\u00e9motion se r\u00e9v\u00e8le&#8230;"},"content":{"rendered":"<p>Base en r\u00e9sine et perle turquoise, anis,marine,\u00a0 m\u00e9tal argent\u00e9.<\/p>\n<p>L&rsquo;\u00e9motion se r\u00e9v\u00e8le&#8230;<\/p>\n<p>Diam\u00e8tre de la base 27 mm<\/p>\n<p>L&rsquo;Anneau est confortable en\u00a0 \u00e9lastique caoutchout\u00e9. Il peux passer d&rsquo;un doigt \u00e0 l&rsquo;autre sans effort.<\/p>\n<p>Sur commande, par mail, avec un suppl\u00e9ment, je peux cr\u00e9er pour vous selon votre fantaisie du jour.<\/p>\n<p>Existe en diam\u00e8tre 34mm \u00e0 35,00\u20ac<\/p>\n<p>Existe en diam\u00e8tre 45mm \u00e0 42,00\u20ac<\/p>\n","protected":false},"excerpt":{"rendered":"<p>Base en r\u00e9sine et perle turquoise, anis,marine,\u00a0 m\u00e9tal argent\u00e9. L&rsquo;\u00e9motion se r\u00e9v\u00e8le&#8230; Diam\u00e8tre de la base 27 mm L&rsquo;Anneau est confortable en\u00a0 \u00e9lastique caoutchout\u00e9. Il peux passer d&rsquo;un doigt \u00e0 l&rsquo;autre sans effort. Sur commande, par mail, avec un suppl\u00e9ment, je peux cr\u00e9er pour vous selon votre fantaisie du jour. Existe en diam\u00e8tre 34mm \u00e0 [&hellip;]<\/p>\n","protected":false},"featured_media":184,"comment_status":"open","ping_status":"closed","template":"","meta":{"spay_email":""},"_links":{"self":[{"href":"https:\/\/bijouxamedevolcans.com\/index.php\/wp-json\/wp\/v2\/product\/295"}],"collection":[{"href":"https:\/\/bijouxamedevolcans.com\/index.php\/wp-json\/wp\/v2\/product"}],"about":[{"href":"https:\/\/bijouxamedevolcans.com\/index.php\/wp-json\/wp\/v2\/types\/product"}],"replies":[{"embeddable":true,"href":"https:\/\/bijouxamedevolcans.com\/index.php\/wp-json\/wp\/v2\/comments?post=295"}],"wp:featuredmedia":[{"embeddable":true,"href":"https:\/\/bijouxamedevolcans.com\/index.php\/wp-json\/wp\/v2\/media\/184"}],"wp:attachment":[{"href":"https:\/\/bijouxamedevolcans.com\/index.php\/wp-json\/wp\/v2\/media?parent=295"}],"curies":[{"name":"wp","href":"https:\/\/api.w.org\/{rel}","templated":true}]}}