{"id":302,"date":"2020-11-25T10:35:07","date_gmt":"2020-11-25T09:35:07","guid":{"rendered":"http:\/\/bijouxamedevolcans.com\/?post_type=product&#038;p=302"},"modified":"2021-02-26T14:20:44","modified_gmt":"2021-02-26T13:20:44","slug":"20-058-bague-reflet-tutti-azur","status":"publish","type":"product","link":"https:\/\/bijouxamedevolcans.com\/index.php\/produit\/20-058-bague-reflet-tutti-azur\/","title":{"rendered":"20-058-BAGUE REFLET TUTTI AZUR&#8230; Le Ciel a ses Secrets, \u00e9coute tes mains&#8230;"},"content":{"rendered":"<p>Base en r\u00e9sine et perle azur,nacre canard et m\u00e9tal argent\u00e9.<\/p>\n<p>Le ciel a ses secrets, \u00e9coute tes mains&#8230;<\/p>\n<p>Diam\u00e8tre de la base 27 mm<\/p>\n<p>L&rsquo;Anneau est confortable en\u00a0 \u00e9lastique caoutchout\u00e9. Il peux passer d&rsquo;un doigt a l&rsquo;autre sans effort.<\/p>\n<p>Sur commande, par mail, avec un suppl\u00e9ment, je peux cr\u00e9er pour vous selon votre fantaisie du jour.<\/p>\n<p>&nbsp;<\/p>\n<p>Existe en diam\u00e8tre 34mm \u00e0 35,00\u20ac<\/p>\n<p>Existe en diam\u00e8tre 45mm \u00e0 45,00\u20ac<\/p>\n","protected":false},"excerpt":{"rendered":"<p>Base en r\u00e9sine et perle azur,nacre canard et m\u00e9tal argent\u00e9. Le ciel a ses secrets, \u00e9coute tes mains&#8230; Diam\u00e8tre de la base 27 mm L&rsquo;Anneau est confortable en\u00a0 \u00e9lastique caoutchout\u00e9. Il peux passer d&rsquo;un doigt a l&rsquo;autre sans effort. Sur commande, par mail, avec un suppl\u00e9ment, je peux cr\u00e9er pour vous selon votre fantaisie du [&hellip;]<\/p>\n","protected":false},"featured_media":192,"comment_status":"open","ping_status":"closed","template":"","meta":{"spay_email":""},"_links":{"self":[{"href":"https:\/\/bijouxamedevolcans.com\/index.php\/wp-json\/wp\/v2\/product\/302"}],"collection":[{"href":"https:\/\/bijouxamedevolcans.com\/index.php\/wp-json\/wp\/v2\/product"}],"about":[{"href":"https:\/\/bijouxamedevolcans.com\/index.php\/wp-json\/wp\/v2\/types\/product"}],"replies":[{"embeddable":true,"href":"https:\/\/bijouxamedevolcans.com\/index.php\/wp-json\/wp\/v2\/comments?post=302"}],"wp:featuredmedia":[{"embeddable":true,"href":"https:\/\/bijouxamedevolcans.com\/index.php\/wp-json\/wp\/v2\/media\/192"}],"wp:attachment":[{"href":"https:\/\/bijouxamedevolcans.com\/index.php\/wp-json\/wp\/v2\/media?parent=302"}],"curies":[{"name":"wp","href":"https:\/\/api.w.org\/{rel}","templated":true}]}}