{"id":303,"date":"2020-11-25T10:38:25","date_gmt":"2020-11-25T09:38:25","guid":{"rendered":"http:\/\/bijouxamedevolcans.com\/?post_type=product&#038;p=303"},"modified":"2021-02-26T14:26:54","modified_gmt":"2021-02-26T13:26:54","slug":"20-059-bague-reflet-kaki","status":"publish","type":"product","link":"https:\/\/bijouxamedevolcans.com\/index.php\/produit\/20-059-bague-reflet-kaki\/","title":{"rendered":"20-059-BAGUE REFLET TUTTI KAKI&#8230; Marche dans la For\u00eat, parle avec le Grand Ch\u00eane&#8230;"},"content":{"rendered":"<p>Base en r\u00e9sine, nacre et perle kaki et m\u00e9tal argent\u00e9.<\/p>\n<p>Marche dans la for\u00eat, Parle avec le grand ch\u00eane&#8230;<\/p>\n<p>Diam\u00e8tre de la base 27 mm<\/p>\n<p>L&rsquo;Anneau est confortable en\u00a0 \u00e9lastique caoutchout\u00e9. Il peux passer d&rsquo;un doigt \u00e0 l&rsquo;autre sans effort.<\/p>\n<p>Sur commande, par mail, avec un suppl\u00e9ment, je peux cr\u00e9er pour vous selon votre fantaisie du jour.<\/p>\n<p>Existe en diam\u00e8tre 34mm \u00e0 35,00\u20ac<\/p>\n<p>Existe en diam\u00e8tre 45mm \u00e0 45,00\u20ac<\/p>\n","protected":false},"excerpt":{"rendered":"<p>Base en r\u00e9sine, nacre et perle kaki et m\u00e9tal argent\u00e9. Marche dans la for\u00eat, Parle avec le grand ch\u00eane&#8230; Diam\u00e8tre de la base 27 mm L&rsquo;Anneau est confortable en\u00a0 \u00e9lastique caoutchout\u00e9. Il peux passer d&rsquo;un doigt \u00e0 l&rsquo;autre sans effort. Sur commande, par mail, avec un suppl\u00e9ment, je peux cr\u00e9er pour vous selon votre fantaisie [&hellip;]<\/p>\n","protected":false},"featured_media":195,"comment_status":"open","ping_status":"closed","template":"","meta":{"spay_email":""},"_links":{"self":[{"href":"https:\/\/bijouxamedevolcans.com\/index.php\/wp-json\/wp\/v2\/product\/303"}],"collection":[{"href":"https:\/\/bijouxamedevolcans.com\/index.php\/wp-json\/wp\/v2\/product"}],"about":[{"href":"https:\/\/bijouxamedevolcans.com\/index.php\/wp-json\/wp\/v2\/types\/product"}],"replies":[{"embeddable":true,"href":"https:\/\/bijouxamedevolcans.com\/index.php\/wp-json\/wp\/v2\/comments?post=303"}],"wp:featuredmedia":[{"embeddable":true,"href":"https:\/\/bijouxamedevolcans.com\/index.php\/wp-json\/wp\/v2\/media\/195"}],"wp:attachment":[{"href":"https:\/\/bijouxamedevolcans.com\/index.php\/wp-json\/wp\/v2\/media?parent=303"}],"curies":[{"name":"wp","href":"https:\/\/api.w.org\/{rel}","templated":true}]}}