{"id":304,"date":"2020-11-25T10:42:47","date_gmt":"2020-11-25T09:42:47","guid":{"rendered":"http:\/\/bijouxamedevolcans.com\/?post_type=product&#038;p=304"},"modified":"2021-02-26T14:30:25","modified_gmt":"2021-02-26T13:30:25","slug":"20-060-bague-orange-papillon","status":"publish","type":"product","link":"https:\/\/bijouxamedevolcans.com\/index.php\/produit\/20-060-bague-orange-papillon\/","title":{"rendered":"20-060- BAGUE ORANGE PAPILLON&#8230;Rejoins le Colibri&#8230;"},"content":{"rendered":"<p>Base en r\u00e9sine orange et cristal, papillon bois peint et m\u00e9tal argent\u00e9.<\/p>\n<p>Une envol\u00e9e parfaite&#8230;<\/p>\n<p>Diam\u00e8tre de la base 45mm<\/p>\n<p>L&rsquo;Anneau est confortable en\u00a0 \u00e9lastique caoutchout\u00e9. Il peux passer d&rsquo;un doigt \u00e0 l&rsquo;autre sans effort.<\/p>\n<p>Sur commande, par mail, avec un suppl\u00e9ment, je peux cr\u00e9er pour vous selon votre fantaisie du jour.<\/p>\n<p>.<\/p>\n<p>&nbsp;<\/p>\n","protected":false},"excerpt":{"rendered":"<p>Base en r\u00e9sine orange et cristal, papillon bois peint et m\u00e9tal argent\u00e9. Une envol\u00e9e parfaite&#8230; Diam\u00e8tre de la base 45mm L&rsquo;Anneau est confortable en\u00a0 \u00e9lastique caoutchout\u00e9. Il peux passer d&rsquo;un doigt \u00e0 l&rsquo;autre sans effort. Sur commande, par mail, avec un suppl\u00e9ment, je peux cr\u00e9er pour vous selon votre fantaisie du jour. . &nbsp;<\/p>\n","protected":false},"featured_media":196,"comment_status":"open","ping_status":"closed","template":"","meta":{"spay_email":""},"_links":{"self":[{"href":"https:\/\/bijouxamedevolcans.com\/index.php\/wp-json\/wp\/v2\/product\/304"}],"collection":[{"href":"https:\/\/bijouxamedevolcans.com\/index.php\/wp-json\/wp\/v2\/product"}],"about":[{"href":"https:\/\/bijouxamedevolcans.com\/index.php\/wp-json\/wp\/v2\/types\/product"}],"replies":[{"embeddable":true,"href":"https:\/\/bijouxamedevolcans.com\/index.php\/wp-json\/wp\/v2\/comments?post=304"}],"wp:featuredmedia":[{"embeddable":true,"href":"https:\/\/bijouxamedevolcans.com\/index.php\/wp-json\/wp\/v2\/media\/196"}],"wp:attachment":[{"href":"https:\/\/bijouxamedevolcans.com\/index.php\/wp-json\/wp\/v2\/media?parent=304"}],"curies":[{"name":"wp","href":"https:\/\/api.w.org\/{rel}","templated":true}]}}