{"id":305,"date":"2020-11-25T10:50:21","date_gmt":"2020-11-25T09:50:21","guid":{"rendered":"http:\/\/bijouxamedevolcans.com\/?post_type=product&#038;p=305"},"modified":"2021-02-26T14:31:56","modified_gmt":"2021-02-26T13:31:56","slug":"20-061-bague-carrement-toi","status":"publish","type":"product","link":"https:\/\/bijouxamedevolcans.com\/index.php\/produit\/20-061-bague-carrement-toi\/","title":{"rendered":"20-061-BAGUE CARR\u00c9MENT TOI&#8230; En toute Intimit\u00e9&#8230;"},"content":{"rendered":"<p>Base en r\u00e9sine carr\u00e9e orange, perle fuchsia, et m\u00e9tal argent\u00e9.<\/p>\n<p>En toute intimit\u00e9&#8230;<\/p>\n<p>L&rsquo;Anneau est confortable en\u00a0 \u00e9lastique caoutchout\u00e9. Il peux passer d&rsquo;un doigt \u00e0 l&rsquo;autre sans effort.<\/p>\n<p>Sur commande, par mail, avec un suppl\u00e9ment, je peux cr\u00e9er pour vous selon votre fantaisie du jour.<\/p>\n<p>Diam\u00e8tre de la base 45mm<\/p>\n<p>Sur commande:<\/p>\n<p>Existe en diam\u00e8tre 34mm \u00e0 35,00\u20ac<\/p>\n<p>Existe en diam\u00e8tre 27mm \u00e0 30,00\u20ac<\/p>\n<p>Existe en toutes couleurs reflets<\/p>\n<p>&nbsp;<\/p>\n","protected":false},"excerpt":{"rendered":"<p>Base en r\u00e9sine carr\u00e9e orange, perle fuchsia, et m\u00e9tal argent\u00e9. En toute intimit\u00e9&#8230; L&rsquo;Anneau est confortable en\u00a0 \u00e9lastique caoutchout\u00e9. Il peux passer d&rsquo;un doigt \u00e0 l&rsquo;autre sans effort. Sur commande, par mail, avec un suppl\u00e9ment, je peux cr\u00e9er pour vous selon votre fantaisie du jour. Diam\u00e8tre de la base 45mm Sur commande: Existe en diam\u00e8tre [&hellip;]<\/p>\n","protected":false},"featured_media":197,"comment_status":"open","ping_status":"closed","template":"","meta":{"spay_email":""},"_links":{"self":[{"href":"https:\/\/bijouxamedevolcans.com\/index.php\/wp-json\/wp\/v2\/product\/305"}],"collection":[{"href":"https:\/\/bijouxamedevolcans.com\/index.php\/wp-json\/wp\/v2\/product"}],"about":[{"href":"https:\/\/bijouxamedevolcans.com\/index.php\/wp-json\/wp\/v2\/types\/product"}],"replies":[{"embeddable":true,"href":"https:\/\/bijouxamedevolcans.com\/index.php\/wp-json\/wp\/v2\/comments?post=305"}],"wp:featuredmedia":[{"embeddable":true,"href":"https:\/\/bijouxamedevolcans.com\/index.php\/wp-json\/wp\/v2\/media\/197"}],"wp:attachment":[{"href":"https:\/\/bijouxamedevolcans.com\/index.php\/wp-json\/wp\/v2\/media?parent=305"}],"curies":[{"name":"wp","href":"https:\/\/api.w.org\/{rel}","templated":true}]}}