{"id":306,"date":"2020-11-25T10:54:38","date_gmt":"2020-11-25T09:54:38","guid":{"rendered":"http:\/\/bijouxamedevolcans.com\/?post_type=product&#038;p=306"},"modified":"2021-02-26T14:33:59","modified_gmt":"2021-02-26T13:33:59","slug":"20-062-bague-carrement-trois-fuchsia","status":"publish","type":"product","link":"https:\/\/bijouxamedevolcans.com\/index.php\/produit\/20-062-bague-carrement-trois-fuchsia\/","title":{"rendered":"20-062-BAGUE CARR\u00c9MENT TROIS FUCHSIA&#8230; Partir ramasser des Framboises, tu Viens&#8230;"},"content":{"rendered":"<p>Base en r\u00e9sine carr\u00e9e fuchsia, paillet\u00e9e, rose et m\u00e9tal argent\u00e9.<\/p>\n<p>Partir ramasser des framboises, tu viens&#8230;<\/p>\n<p>Diam\u00e8tre de la base 45 mm<\/p>\n<p>L&rsquo;Anneau est confortable en\u00a0 \u00e9lastique caoutchout\u00e9. Il peux passer d&rsquo;un doigt \u00e0 l&rsquo;autre sans effort.<\/p>\n<p>Sur commande, par mail, avec un suppl\u00e9ment, je peux cr\u00e9er pour vous selon votre fantaisie du jour.<\/p>\n<p>&nbsp;<\/p>\n","protected":false},"excerpt":{"rendered":"<p>Base en r\u00e9sine carr\u00e9e fuchsia, paillet\u00e9e, rose et m\u00e9tal argent\u00e9. Partir ramasser des framboises, tu viens&#8230; Diam\u00e8tre de la base 45 mm L&rsquo;Anneau est confortable en\u00a0 \u00e9lastique caoutchout\u00e9. Il peux passer d&rsquo;un doigt \u00e0 l&rsquo;autre sans effort. Sur commande, par mail, avec un suppl\u00e9ment, je peux cr\u00e9er pour vous selon votre fantaisie du jour. &nbsp;<\/p>\n","protected":false},"featured_media":198,"comment_status":"open","ping_status":"closed","template":"","meta":{"spay_email":""},"_links":{"self":[{"href":"https:\/\/bijouxamedevolcans.com\/index.php\/wp-json\/wp\/v2\/product\/306"}],"collection":[{"href":"https:\/\/bijouxamedevolcans.com\/index.php\/wp-json\/wp\/v2\/product"}],"about":[{"href":"https:\/\/bijouxamedevolcans.com\/index.php\/wp-json\/wp\/v2\/types\/product"}],"replies":[{"embeddable":true,"href":"https:\/\/bijouxamedevolcans.com\/index.php\/wp-json\/wp\/v2\/comments?post=306"}],"wp:featuredmedia":[{"embeddable":true,"href":"https:\/\/bijouxamedevolcans.com\/index.php\/wp-json\/wp\/v2\/media\/198"}],"wp:attachment":[{"href":"https:\/\/bijouxamedevolcans.com\/index.php\/wp-json\/wp\/v2\/media?parent=306"}],"curies":[{"name":"wp","href":"https:\/\/api.w.org\/{rel}","templated":true}]}}