{"id":307,"date":"2020-11-25T11:00:19","date_gmt":"2020-11-25T10:00:19","guid":{"rendered":"http:\/\/bijouxamedevolcans.com\/?post_type=product&#038;p=307"},"modified":"2021-02-26T14:35:27","modified_gmt":"2021-02-26T13:35:27","slug":"20-063-bague-carrement-tutti-citron","status":"publish","type":"product","link":"https:\/\/bijouxamedevolcans.com\/index.php\/produit\/20-063-bague-carrement-tutti-citron\/","title":{"rendered":"20-063-BAGUE CARR\u00c9MENT TUTTI CITRON&#8230; Et pourquoi pas pour toi&#8230;"},"content":{"rendered":"<p>Bague caoutchout\u00e9e \u00e9lastique, r\u00e9sine carr\u00e9e et ronde, citron, orange et perle fuchsia, et m\u00e9tal argent\u00e9.<\/p>\n<p>Et, pourquoi pas pour toi&#8230;<\/p>\n<p>Diam\u00e8tre de la base 45m<\/p>\n<p>L&rsquo;Anneau est confortable en\u00a0 \u00e9lastique caoutchout\u00e9. Il peux passer d&rsquo;un doigt \u00e0 l&rsquo;autre sans effort.<\/p>\n<p>Sur commande, par mail, avec un suppl\u00e9ment, je peux cr\u00e9er pour vous selon votre fantaisie du jour.<\/p>\n<p>&nbsp;<\/p>\n<p>&nbsp;<\/p>\n","protected":false},"excerpt":{"rendered":"<p>Bague caoutchout\u00e9e \u00e9lastique, r\u00e9sine carr\u00e9e et ronde, citron, orange et perle fuchsia, et m\u00e9tal argent\u00e9. Et, pourquoi pas pour toi&#8230; Diam\u00e8tre de la base 45m L&rsquo;Anneau est confortable en\u00a0 \u00e9lastique caoutchout\u00e9. Il peux passer d&rsquo;un doigt \u00e0 l&rsquo;autre sans effort. Sur commande, par mail, avec un suppl\u00e9ment, je peux cr\u00e9er pour vous selon votre fantaisie [&hellip;]<\/p>\n","protected":false},"featured_media":199,"comment_status":"open","ping_status":"closed","template":"","meta":{"spay_email":""},"_links":{"self":[{"href":"https:\/\/bijouxamedevolcans.com\/index.php\/wp-json\/wp\/v2\/product\/307"}],"collection":[{"href":"https:\/\/bijouxamedevolcans.com\/index.php\/wp-json\/wp\/v2\/product"}],"about":[{"href":"https:\/\/bijouxamedevolcans.com\/index.php\/wp-json\/wp\/v2\/types\/product"}],"replies":[{"embeddable":true,"href":"https:\/\/bijouxamedevolcans.com\/index.php\/wp-json\/wp\/v2\/comments?post=307"}],"wp:featuredmedia":[{"embeddable":true,"href":"https:\/\/bijouxamedevolcans.com\/index.php\/wp-json\/wp\/v2\/media\/199"}],"wp:attachment":[{"href":"https:\/\/bijouxamedevolcans.com\/index.php\/wp-json\/wp\/v2\/media?parent=307"}],"curies":[{"name":"wp","href":"https:\/\/api.w.org\/{rel}","templated":true}]}}