{"id":308,"date":"2020-11-25T11:04:41","date_gmt":"2020-11-25T10:04:41","guid":{"rendered":"http:\/\/bijouxamedevolcans.com\/?post_type=product&#038;p=308"},"modified":"2021-02-26T14:43:27","modified_gmt":"2021-02-26T13:43:27","slug":"20-064-bague-carrement-ronde-tutti","status":"publish","type":"product","link":"https:\/\/bijouxamedevolcans.com\/index.php\/produit\/20-064-bague-carrement-ronde-tutti\/","title":{"rendered":"20-064-BAGUE CARR\u00c9MENT RONDE TUTTI&#8230; Un moment l\u00e0, tranquille, en Contemplation&#8230;"},"content":{"rendered":"<p>Base en r\u00e9sine carr\u00e9e orange, perle fuchsia, et m\u00e9tal argent\u00e9.<\/p>\n<p>Un moment l\u00e0, tranquille, en contemplation&#8230;<\/p>\n<p>Diam\u00e8tre de la base 45mm<\/p>\n<p>L&rsquo;Anneau est confortable en\u00a0 \u00e9lastique caoutchout\u00e9. Il peux passer d&rsquo;un doigt \u00e0 l&rsquo;autre sans effort.<\/p>\n<p>Sur commande, par mail, avec un suppl\u00e9ment, je peux cr\u00e9er pour vous selon votre fantaisie du jour.<\/p>\n","protected":false},"excerpt":{"rendered":"<p>Base en r\u00e9sine carr\u00e9e orange, perle fuchsia, et m\u00e9tal argent\u00e9. Un moment l\u00e0, tranquille, en contemplation&#8230; Diam\u00e8tre de la base 45mm L&rsquo;Anneau est confortable en\u00a0 \u00e9lastique caoutchout\u00e9. Il peux passer d&rsquo;un doigt \u00e0 l&rsquo;autre sans effort. Sur commande, par mail, avec un suppl\u00e9ment, je peux cr\u00e9er pour vous selon votre fantaisie du jour.<\/p>\n","protected":false},"featured_media":200,"comment_status":"open","ping_status":"closed","template":"","meta":{"spay_email":""},"_links":{"self":[{"href":"https:\/\/bijouxamedevolcans.com\/index.php\/wp-json\/wp\/v2\/product\/308"}],"collection":[{"href":"https:\/\/bijouxamedevolcans.com\/index.php\/wp-json\/wp\/v2\/product"}],"about":[{"href":"https:\/\/bijouxamedevolcans.com\/index.php\/wp-json\/wp\/v2\/types\/product"}],"replies":[{"embeddable":true,"href":"https:\/\/bijouxamedevolcans.com\/index.php\/wp-json\/wp\/v2\/comments?post=308"}],"wp:featuredmedia":[{"embeddable":true,"href":"https:\/\/bijouxamedevolcans.com\/index.php\/wp-json\/wp\/v2\/media\/200"}],"wp:attachment":[{"href":"https:\/\/bijouxamedevolcans.com\/index.php\/wp-json\/wp\/v2\/media?parent=308"}],"curies":[{"name":"wp","href":"https:\/\/api.w.org\/{rel}","templated":true}]}}