{"id":310,"date":"2020-11-25T11:17:47","date_gmt":"2020-11-25T10:17:47","guid":{"rendered":"http:\/\/bijouxamedevolcans.com\/?post_type=product&#038;p=310"},"modified":"2021-02-26T14:45:38","modified_gmt":"2021-02-26T13:45:38","slug":"20-065-bague-carrement-paillette-orange","status":"publish","type":"product","link":"https:\/\/bijouxamedevolcans.com\/index.php\/produit\/20-065-bague-carrement-paillette-orange\/","title":{"rendered":"20-065-BAGUE CARR\u00c9MENT PAILLETTE ORANGE&#8230; De bon go\u00fbt, comme une \u00e9tincelle sur la Papille&#8230;"},"content":{"rendered":"<p>Base en r\u00e9sine carr\u00e9e et ronde orange nacr\u00e9e et paillet\u00e9e, perle orange et m\u00e9tal argent\u00e9.<\/p>\n<p>De bon go\u00fbt, comme une \u00e9tincelle sur la papille&#8230;<\/p>\n<p>Diam\u00e8tre de la base 45 mm<\/p>\n<p>L&rsquo;Anneau est confortable en\u00a0 \u00e9lastique caoutchout\u00e9. Il peux passer d&rsquo;un doigt \u00e0 l&rsquo;autre sans effort.<\/p>\n<p>Sur commande, par mail, avec un suppl\u00e9ment, je peux cr\u00e9er pour vous selon votre fantaisie du jour.<\/p>\n","protected":false},"excerpt":{"rendered":"<p>Base en r\u00e9sine carr\u00e9e et ronde orange nacr\u00e9e et paillet\u00e9e, perle orange et m\u00e9tal argent\u00e9. De bon go\u00fbt, comme une \u00e9tincelle sur la papille&#8230; Diam\u00e8tre de la base 45 mm L&rsquo;Anneau est confortable en\u00a0 \u00e9lastique caoutchout\u00e9. Il peux passer d&rsquo;un doigt \u00e0 l&rsquo;autre sans effort. Sur commande, par mail, avec un suppl\u00e9ment, je peux cr\u00e9er [&hellip;]<\/p>\n","protected":false},"featured_media":201,"comment_status":"open","ping_status":"closed","template":"","meta":{"spay_email":""},"_links":{"self":[{"href":"https:\/\/bijouxamedevolcans.com\/index.php\/wp-json\/wp\/v2\/product\/310"}],"collection":[{"href":"https:\/\/bijouxamedevolcans.com\/index.php\/wp-json\/wp\/v2\/product"}],"about":[{"href":"https:\/\/bijouxamedevolcans.com\/index.php\/wp-json\/wp\/v2\/types\/product"}],"replies":[{"embeddable":true,"href":"https:\/\/bijouxamedevolcans.com\/index.php\/wp-json\/wp\/v2\/comments?post=310"}],"wp:featuredmedia":[{"embeddable":true,"href":"https:\/\/bijouxamedevolcans.com\/index.php\/wp-json\/wp\/v2\/media\/201"}],"wp:attachment":[{"href":"https:\/\/bijouxamedevolcans.com\/index.php\/wp-json\/wp\/v2\/media?parent=310"}],"curies":[{"name":"wp","href":"https:\/\/api.w.org\/{rel}","templated":true}]}}