{"id":312,"date":"2020-11-25T11:31:47","date_gmt":"2020-11-25T10:31:47","guid":{"rendered":"http:\/\/bijouxamedevolcans.com\/?post_type=product&#038;p=312"},"modified":"2021-02-26T17:15:46","modified_gmt":"2021-02-26T16:15:46","slug":"20-067-carrement-paillette-turquoise","status":"publish","type":"product","link":"https:\/\/bijouxamedevolcans.com\/index.php\/produit\/20-067-carrement-paillette-turquoise\/","title":{"rendered":"20-067-BAGUE CARR\u00c9MENT PAILLETTE TURQUOISE&#8230;Libre cours \u00e0 ton Imagination&#8230; &#8230;"},"content":{"rendered":"<p>Base en r\u00e9sine carr\u00e9e turquoise paillet\u00e9e , perle et m\u00e9tal argent\u00e9s.<\/p>\n<p>Libre cours \u00e0 ton imagination&#8230;<\/p>\n<p>Diam\u00e8tre de la base 45mm<\/p>\n<p>L&rsquo;Anneau est confortable en\u00a0 \u00e9lastique caoutchout\u00e9. Il peux passer d&rsquo;un doigt \u00e0 l&rsquo;autre sans effort.<\/p>\n<p>Sur commande, par mail, avec un suppl\u00e9ment, je peux cr\u00e9er pour vous selon votre fantaisie du jour.<\/p>\n","protected":false},"excerpt":{"rendered":"<p>Base en r\u00e9sine carr\u00e9e turquoise paillet\u00e9e , perle et m\u00e9tal argent\u00e9s. Libre cours \u00e0 ton imagination&#8230; Diam\u00e8tre de la base 45mm L&rsquo;Anneau est confortable en\u00a0 \u00e9lastique caoutchout\u00e9. Il peux passer d&rsquo;un doigt \u00e0 l&rsquo;autre sans effort. Sur commande, par mail, avec un suppl\u00e9ment, je peux cr\u00e9er pour vous selon votre fantaisie du jour.<\/p>\n","protected":false},"featured_media":204,"comment_status":"open","ping_status":"closed","template":"","meta":{"spay_email":""},"_links":{"self":[{"href":"https:\/\/bijouxamedevolcans.com\/index.php\/wp-json\/wp\/v2\/product\/312"}],"collection":[{"href":"https:\/\/bijouxamedevolcans.com\/index.php\/wp-json\/wp\/v2\/product"}],"about":[{"href":"https:\/\/bijouxamedevolcans.com\/index.php\/wp-json\/wp\/v2\/types\/product"}],"replies":[{"embeddable":true,"href":"https:\/\/bijouxamedevolcans.com\/index.php\/wp-json\/wp\/v2\/comments?post=312"}],"wp:featuredmedia":[{"embeddable":true,"href":"https:\/\/bijouxamedevolcans.com\/index.php\/wp-json\/wp\/v2\/media\/204"}],"wp:attachment":[{"href":"https:\/\/bijouxamedevolcans.com\/index.php\/wp-json\/wp\/v2\/media?parent=312"}],"curies":[{"name":"wp","href":"https:\/\/api.w.org\/{rel}","templated":true}]}}