{"id":38,"date":"2020-07-21T15:43:24","date_gmt":"2020-07-21T13:43:24","guid":{"rendered":"http:\/\/bijouxamedevolcans.com\/?post_type=product&#038;p=38"},"modified":"2021-05-17T19:47:26","modified_gmt":"2021-05-17T17:47:26","slug":"bracelet-elastique-le-trio-ingenieux","status":"publish","type":"product","link":"https:\/\/bijouxamedevolcans.com\/index.php\/produit\/bracelet-elastique-le-trio-ingenieux\/","title":{"rendered":"Bracelet  &#8211; L&rsquo;INGENIEUX&#8230; Aime qui tu es&#8230;"},"content":{"rendered":"<p>Bracelet 3 coudes grav\u00e9s 10 microns d&rsquo;argent \u00e9lastique, perles en pierres naturelles en H\u00e9matite et Onyx.<\/p>\n<p>Estime de soi, deviens qui tu es&#8230;<\/p>\n<p>Sur commande, par mail, avec un suppl\u00e9ment, je peux cr\u00e9er pour vous selon votre fantaisie du j<\/p>\n","protected":false},"excerpt":{"rendered":"<p>Bracelet 3 coudes grav\u00e9s 10 microns d&rsquo;argent \u00e9lastique, perles en pierres naturelles en H\u00e9matite et Onyx. Estime de soi, deviens qui tu es&#8230; Sur commande, par mail, avec un suppl\u00e9ment, je peux cr\u00e9er pour vous selon votre fantaisie du j<\/p>\n","protected":false},"featured_media":39,"comment_status":"open","ping_status":"closed","template":"","meta":{"spay_email":""},"_links":{"self":[{"href":"https:\/\/bijouxamedevolcans.com\/index.php\/wp-json\/wp\/v2\/product\/38"}],"collection":[{"href":"https:\/\/bijouxamedevolcans.com\/index.php\/wp-json\/wp\/v2\/product"}],"about":[{"href":"https:\/\/bijouxamedevolcans.com\/index.php\/wp-json\/wp\/v2\/types\/product"}],"replies":[{"embeddable":true,"href":"https:\/\/bijouxamedevolcans.com\/index.php\/wp-json\/wp\/v2\/comments?post=38"}],"wp:featuredmedia":[{"embeddable":true,"href":"https:\/\/bijouxamedevolcans.com\/index.php\/wp-json\/wp\/v2\/media\/39"}],"wp:attachment":[{"href":"https:\/\/bijouxamedevolcans.com\/index.php\/wp-json\/wp\/v2\/media?parent=38"}],"curies":[{"name":"wp","href":"https:\/\/api.w.org\/{rel}","templated":true}]}}