{"id":480,"date":"2020-11-25T19:38:08","date_gmt":"2020-11-25T18:38:08","guid":{"rendered":"http:\/\/bijouxamedevolcans.com\/?post_type=product&#038;p=480"},"modified":"2026-04-08T20:13:29","modified_gmt":"2026-04-08T18:13:29","slug":"19-11b-bracelet-confiance","status":"publish","type":"product","link":"https:\/\/bijouxamedevolcans.com\/index.php\/produit\/19-11b-bracelet-confiance\/","title":{"rendered":"19-02B-BRACELET CONFIANCE ONYX: Trio judicieux Garde Confiance&#8230;"},"content":{"rendered":"<p>Bracelet 3 coudes grav\u00e9s 10 microns d&rsquo;argent \u00e9lastique, perles en pierres naturelles onyx, h\u00e9matite, lave<\/p>\n<p>Trio judicieux, garde confiance&#8230;<\/p>\n<p>Sur commande, par mail, avec un suppl\u00e9ment, je peux cr\u00e9er pour vous selon votre fantaisie du jour.<\/p>\n<p>&nbsp;<\/p>\n","protected":false},"excerpt":{"rendered":"<p>Bracelet 3 coudes grav\u00e9s 10 microns d&rsquo;argent \u00e9lastique, perles en pierres naturelles onyx, h\u00e9matite, lave Trio judicieux, garde confiance&#8230; Sur commande, par mail, avec un suppl\u00e9ment, je peux cr\u00e9er pour vous selon votre fantaisie du jour. &nbsp;<\/p>\n","protected":false},"featured_media":71,"comment_status":"open","ping_status":"closed","template":"","meta":{"spay_email":""},"_links":{"self":[{"href":"https:\/\/bijouxamedevolcans.com\/index.php\/wp-json\/wp\/v2\/product\/480"}],"collection":[{"href":"https:\/\/bijouxamedevolcans.com\/index.php\/wp-json\/wp\/v2\/product"}],"about":[{"href":"https:\/\/bijouxamedevolcans.com\/index.php\/wp-json\/wp\/v2\/types\/product"}],"replies":[{"embeddable":true,"href":"https:\/\/bijouxamedevolcans.com\/index.php\/wp-json\/wp\/v2\/comments?post=480"}],"wp:featuredmedia":[{"embeddable":true,"href":"https:\/\/bijouxamedevolcans.com\/index.php\/wp-json\/wp\/v2\/media\/71"}],"wp:attachment":[{"href":"https:\/\/bijouxamedevolcans.com\/index.php\/wp-json\/wp\/v2\/media?parent=480"}],"curies":[{"name":"wp","href":"https:\/\/api.w.org\/{rel}","templated":true}]}}