{"id":481,"date":"2020-11-25T19:43:42","date_gmt":"2020-11-25T18:43:42","guid":{"rendered":"http:\/\/bijouxamedevolcans.com\/?post_type=product&#038;p=481"},"modified":"2026-04-08T20:12:54","modified_gmt":"2026-04-08T18:12:54","slug":"19-015b-bracelet-meditation","status":"publish","type":"product","link":"https:\/\/bijouxamedevolcans.com\/index.php\/produit\/19-015b-bracelet-meditation\/","title":{"rendered":"19-04B- BRACELET M\u00c9DITATION AM\u00c9THYSTE&#8230; Stimule ta Cr\u00e9ativit\u00e9 Spirituelle&#8230;"},"content":{"rendered":"<p>Bracelet 3 coudes grav\u00e9s 10 microns d&rsquo;argent \u00e9lastique, perles en Pierres Naturelles Am\u00e9thyste claires<\/p>\n<p>Stimule ta cr\u00e9ativit\u00e9 spirituelle&#8230;<\/p>\n<p>Sur commande, par mail, avec un suppl\u00e9ment, je peux cr\u00e9er pour vous selon votre fantaisie du jour.<\/p>\n","protected":false},"excerpt":{"rendered":"<p>Bracelet 3 coudes grav\u00e9s 10 microns d&rsquo;argent \u00e9lastique, perles en Pierres Naturelles Am\u00e9thyste claires Stimule ta cr\u00e9ativit\u00e9 spirituelle&#8230; Sur commande, par mail, avec un suppl\u00e9ment, je peux cr\u00e9er pour vous selon votre fantaisie du jour.<\/p>\n","protected":false},"featured_media":482,"comment_status":"open","ping_status":"closed","template":"","meta":{"spay_email":""},"_links":{"self":[{"href":"https:\/\/bijouxamedevolcans.com\/index.php\/wp-json\/wp\/v2\/product\/481"}],"collection":[{"href":"https:\/\/bijouxamedevolcans.com\/index.php\/wp-json\/wp\/v2\/product"}],"about":[{"href":"https:\/\/bijouxamedevolcans.com\/index.php\/wp-json\/wp\/v2\/types\/product"}],"replies":[{"embeddable":true,"href":"https:\/\/bijouxamedevolcans.com\/index.php\/wp-json\/wp\/v2\/comments?post=481"}],"wp:featuredmedia":[{"embeddable":true,"href":"https:\/\/bijouxamedevolcans.com\/index.php\/wp-json\/wp\/v2\/media\/482"}],"wp:attachment":[{"href":"https:\/\/bijouxamedevolcans.com\/index.php\/wp-json\/wp\/v2\/media?parent=481"}],"curies":[{"name":"wp","href":"https:\/\/api.w.org\/{rel}","templated":true}]}}