{"id":588,"date":"2020-11-27T10:47:56","date_gmt":"2020-11-27T09:47:56","guid":{"rendered":"http:\/\/bijouxamedevolcans.com\/?post_type=product&#038;p=588"},"modified":"2021-02-26T13:48:09","modified_gmt":"2021-02-26T12:48:09","slug":"588","status":"publish","type":"product","link":"https:\/\/bijouxamedevolcans.com\/index.php\/produit\/588\/","title":{"rendered":"20-041-BAGUE REFLET BORDEAUX&#8230; Alors plus rien n&rsquo;a d&rsquo;Importance&#8230;"},"content":{"rendered":"<p>Base en r\u00e9sine, nacre et\u00a0 perle Bordeau,\u00a0 m\u00e9tal argent\u00e9.<\/p>\n<p>Alors plus rien n&rsquo;a d&rsquo;importance&#8230;<\/p>\n<p>Diam\u00e8tre de la base 27 mm<\/p>\n<p>L&rsquo;Anneau est confortable en\u00a0 \u00e9lastique caoutchout\u00e9. Il peux passer d&rsquo;un doigt \u00e0 l&rsquo;autre sans effort.<\/p>\n<p>Sur commande, par mail, avec un suppl\u00e9ment, je peux cr\u00e9er pour vous selon votre fantaisie du jour.<\/p>\n<p>Existe en diam\u00e8tre 34mm \u00e0 33,00\u20ac<\/p>\n","protected":false},"excerpt":{"rendered":"<p>Base en r\u00e9sine, nacre et\u00a0 perle Bordeau,\u00a0 m\u00e9tal argent\u00e9. Alors plus rien n&rsquo;a d&rsquo;importance&#8230; Diam\u00e8tre de la base 27 mm L&rsquo;Anneau est confortable en\u00a0 \u00e9lastique caoutchout\u00e9. Il peux passer d&rsquo;un doigt \u00e0 l&rsquo;autre sans effort. Sur commande, par mail, avec un suppl\u00e9ment, je peux cr\u00e9er pour vous selon votre fantaisie du jour. Existe en diam\u00e8tre [&hellip;]<\/p>\n","protected":false},"featured_media":174,"comment_status":"open","ping_status":"closed","template":"","meta":{"spay_email":""},"_links":{"self":[{"href":"https:\/\/bijouxamedevolcans.com\/index.php\/wp-json\/wp\/v2\/product\/588"}],"collection":[{"href":"https:\/\/bijouxamedevolcans.com\/index.php\/wp-json\/wp\/v2\/product"}],"about":[{"href":"https:\/\/bijouxamedevolcans.com\/index.php\/wp-json\/wp\/v2\/types\/product"}],"replies":[{"embeddable":true,"href":"https:\/\/bijouxamedevolcans.com\/index.php\/wp-json\/wp\/v2\/comments?post=588"}],"wp:featuredmedia":[{"embeddable":true,"href":"https:\/\/bijouxamedevolcans.com\/index.php\/wp-json\/wp\/v2\/media\/174"}],"wp:attachment":[{"href":"https:\/\/bijouxamedevolcans.com\/index.php\/wp-json\/wp\/v2\/media?parent=588"}],"curies":[{"name":"wp","href":"https:\/\/api.w.org\/{rel}","templated":true}]}}