{"id":630,"date":"2020-11-27T17:41:27","date_gmt":"2020-11-27T16:41:27","guid":{"rendered":"http:\/\/bijouxamedevolcans.com\/?post_type=product&#038;p=630"},"modified":"2026-04-20T14:23:31","modified_gmt":"2026-04-20T12:23:31","slug":"19-05b-positive-hematite","status":"publish","type":"product","link":"https:\/\/bijouxamedevolcans.com\/index.php\/produit\/19-05b-positive-hematite\/","title":{"rendered":"19-05B-BRACELET POSITIF HEMATITE &#8230;Paix et Harmonie \u00e0 l&rsquo;instant&#8230;"},"content":{"rendered":"<p>Bracelet 3 coudes grav\u00e9s 10 microns d&rsquo;argent \u00e9lastique, perles en pierres naturelles h\u00e9matite.<\/p>\n<p>Paix et Harmonie \u00e0 l&rsquo;instant&#8230;<\/p>\n<p>Sur commande, par mail, avec un suppl\u00e9ment, je peux cr\u00e9er pour vous selon votre fantaisie du jour.<\/p>\n","protected":false},"excerpt":{"rendered":"<p>Bracelet 3 coudes grav\u00e9s 10 microns d&rsquo;argent \u00e9lastique, perles en pierres naturelles h\u00e9matite. Paix et Harmonie \u00e0 l&rsquo;instant&#8230; Sur commande, par mail, avec un suppl\u00e9ment, je peux cr\u00e9er pour vous selon votre fantaisie du jour.<\/p>\n","protected":false},"featured_media":614,"comment_status":"open","ping_status":"closed","template":"","meta":{"spay_email":""},"_links":{"self":[{"href":"https:\/\/bijouxamedevolcans.com\/index.php\/wp-json\/wp\/v2\/product\/630"}],"collection":[{"href":"https:\/\/bijouxamedevolcans.com\/index.php\/wp-json\/wp\/v2\/product"}],"about":[{"href":"https:\/\/bijouxamedevolcans.com\/index.php\/wp-json\/wp\/v2\/types\/product"}],"replies":[{"embeddable":true,"href":"https:\/\/bijouxamedevolcans.com\/index.php\/wp-json\/wp\/v2\/comments?post=630"}],"wp:featuredmedia":[{"embeddable":true,"href":"https:\/\/bijouxamedevolcans.com\/index.php\/wp-json\/wp\/v2\/media\/614"}],"wp:attachment":[{"href":"https:\/\/bijouxamedevolcans.com\/index.php\/wp-json\/wp\/v2\/media?parent=630"}],"curies":[{"name":"wp","href":"https:\/\/api.w.org\/{rel}","templated":true}]}}