{"id":639,"date":"2020-11-27T18:32:10","date_gmt":"2020-11-27T17:32:10","guid":{"rendered":"http:\/\/bijouxamedevolcans.com\/?post_type=product&#038;p=639"},"modified":"2026-03-16T13:54:12","modified_gmt":"2026-03-16T12:54:12","slug":"19-09b-bracelet-magic","status":"publish","type":"product","link":"https:\/\/bijouxamedevolcans.com\/index.php\/produit\/19-09b-bracelet-magic\/","title":{"rendered":"19-09B-BRACELET MAGIC BLANCHE&#8230;Viens on fait la Farandole&#8230;"},"content":{"rendered":"<p>Bracelet 3 coudes grav\u00e9s 10 microns d&rsquo;argent \u00e9lastique, perles Magique blanche.<\/p>\n<p>Viens, on fait la Farandole&#8230;<\/p>\n<p>Sur commande, par mail, avec un suppl\u00e9ment, je peux cr\u00e9er pour vous selon votre fantaisie du jour.<\/p>\n","protected":false},"excerpt":{"rendered":"<p>Bracelet 3 coudes grav\u00e9s 10 microns d&rsquo;argent \u00e9lastique, perles Magique blanche. Viens, on fait la Farandole&#8230; Sur commande, par mail, avec un suppl\u00e9ment, je peux cr\u00e9er pour vous selon votre fantaisie du jour.<\/p>\n","protected":false},"featured_media":627,"comment_status":"open","ping_status":"closed","template":"","meta":{"spay_email":""},"_links":{"self":[{"href":"https:\/\/bijouxamedevolcans.com\/index.php\/wp-json\/wp\/v2\/product\/639"}],"collection":[{"href":"https:\/\/bijouxamedevolcans.com\/index.php\/wp-json\/wp\/v2\/product"}],"about":[{"href":"https:\/\/bijouxamedevolcans.com\/index.php\/wp-json\/wp\/v2\/types\/product"}],"replies":[{"embeddable":true,"href":"https:\/\/bijouxamedevolcans.com\/index.php\/wp-json\/wp\/v2\/comments?post=639"}],"wp:featuredmedia":[{"embeddable":true,"href":"https:\/\/bijouxamedevolcans.com\/index.php\/wp-json\/wp\/v2\/media\/627"}],"wp:attachment":[{"href":"https:\/\/bijouxamedevolcans.com\/index.php\/wp-json\/wp\/v2\/media?parent=639"}],"curies":[{"name":"wp","href":"https:\/\/api.w.org\/{rel}","templated":true}]}}