{"id":640,"date":"2020-11-27T18:33:09","date_gmt":"2020-11-27T17:33:09","guid":{"rendered":"http:\/\/bijouxamedevolcans.com\/?post_type=product&#038;p=640"},"modified":"2026-04-09T01:32:37","modified_gmt":"2026-04-08T23:32:37","slug":"19-10b-bracelet","status":"publish","type":"product","link":"https:\/\/bijouxamedevolcans.com\/index.php\/produit\/19-10b-bracelet\/","title":{"rendered":"19-10B-BRACELET M&rsquo;AIME SI&#8230; M\u00eame si je ne vais pas danser, je sors quand m&rsquo;aime&#8230;"},"content":{"rendered":"<p>Bracelet 3 coudes grav\u00e9s 10 microns d&rsquo;argent \u00e9lastique, perles de m\u00e9tal<\/p>\n<p>M\u00eame si je ne vais pas danser, je sors quand m&rsquo;aime&#8230;<\/p>\n<p>Sur commande, par mail, avec un suppl\u00e9ment, je peux cr\u00e9er pour vous selon votre fantaisie du jour.<\/p>\n","protected":false},"excerpt":{"rendered":"<p>Bracelet 3 coudes grav\u00e9s 10 microns d&rsquo;argent \u00e9lastique, perles de m\u00e9tal M\u00eame si je ne vais pas danser, je sors quand m&rsquo;aime&#8230; Sur commande, par mail, avec un suppl\u00e9ment, je peux cr\u00e9er pour vous selon votre fantaisie du jour.<\/p>\n","protected":false},"featured_media":629,"comment_status":"open","ping_status":"closed","template":"","meta":{"spay_email":""},"_links":{"self":[{"href":"https:\/\/bijouxamedevolcans.com\/index.php\/wp-json\/wp\/v2\/product\/640"}],"collection":[{"href":"https:\/\/bijouxamedevolcans.com\/index.php\/wp-json\/wp\/v2\/product"}],"about":[{"href":"https:\/\/bijouxamedevolcans.com\/index.php\/wp-json\/wp\/v2\/types\/product"}],"replies":[{"embeddable":true,"href":"https:\/\/bijouxamedevolcans.com\/index.php\/wp-json\/wp\/v2\/comments?post=640"}],"wp:featuredmedia":[{"embeddable":true,"href":"https:\/\/bijouxamedevolcans.com\/index.php\/wp-json\/wp\/v2\/media\/629"}],"wp:attachment":[{"href":"https:\/\/bijouxamedevolcans.com\/index.php\/wp-json\/wp\/v2\/media?parent=640"}],"curies":[{"name":"wp","href":"https:\/\/api.w.org\/{rel}","templated":true}]}}